{"id":12924,"date":"2024-04-05T17:57:57","date_gmt":"2024-04-05T20:57:57","guid":{"rendered":"https:\/\/wcsv2025.cl\/?page_id=12924"},"modified":"2024-06-26T16:44:16","modified_gmt":"2024-06-26T20:44:16","slug":"modalidades","status":"publish","type":"page","link":"https:\/\/wcsv2025.cl\/en\/modalidades\/","title":{"rendered":"Modes of participation"},"content":{"rendered":"<div data-elementor-type=\"wp-page\" data-elementor-id=\"12924\" class=\"elementor elementor-12924\">\n\t\t\t\t\t\t<section class=\"elementor-section elementor-top-section elementor-element elementor-element-9dd6860 elementor-section-full_width elementor-section-height-default elementor-section-height-default\" data-id=\"9dd6860\" data-element_type=\"section\" data-e-type=\"section\">\n\t\t\t\t\t\t<div class=\"elementor-container elementor-column-gap-default\">\n\t\t\t\t\t<div class=\"elementor-column elementor-col-100 elementor-top-column elementor-element elementor-element-14476ba\" data-id=\"14476ba\" data-element_type=\"column\" data-e-type=\"column\">\n\t\t\t<div class=\"elementor-widget-wrap\">\n\t\t\t\t\t\t\t<\/div>\n\t\t<\/div>\n\t\t\t\t\t<\/div>\n\t\t<\/section>\n\t\t\t\t<section class=\"elementor-section elementor-top-section elementor-element elementor-element-32c3638 elementor-section-boxed elementor-section-height-default elementor-section-height-default\" data-id=\"32c3638\" data-element_type=\"section\" data-e-type=\"section\">\n\t\t\t\t\t\t<div class=\"elementor-container elementor-column-gap-default\">\n\t\t\t\t\t<div class=\"elementor-column elementor-col-100 elementor-top-column elementor-element elementor-element-6c18bc1\" data-id=\"6c18bc1\" data-element_type=\"column\" data-e-type=\"column\">\n\t\t\t<div class=\"elementor-widget-wrap elementor-element-populated\">\n\t\t\t\t\t\t<div class=\"elementor-element elementor-element-49724fd elementor-tabs-view-horizontal elementor-widget elementor-widget-tabs\" data-id=\"49724fd\" data-element_type=\"widget\" data-e-type=\"widget\" data-widget_type=\"tabs.default\">\n\t\t\t\t<div class=\"elementor-widget-container\">\n\t\t\t\t\t\t\t<div class=\"elementor-tabs\">\n\t\t\t<div class=\"elementor-tabs-wrapper\" role=\"tablist\" >\n\t\t\t\t\t\t\t\t\t<div id=\"elementor-tab-title-7701\" class=\"elementor-tab-title elementor-tab-desktop-title\" aria-selected=\"true\" data-tab=\"1\" role=\"tab\" tabindex=\"0\" aria-controls=\"elementor-tab-content-7701\" aria-expanded=\"false\">PRESENTATIONS<\/div>\n\t\t\t\t\t\t\t\t\t<div id=\"elementor-tab-title-7702\" class=\"elementor-tab-title elementor-tab-desktop-title\" aria-selected=\"false\" data-tab=\"2\" role=\"tab\" tabindex=\"-1\" aria-controls=\"elementor-tab-content-7702\" aria-expanded=\"false\">THEMATIC TABLE<\/div>\n\t\t\t\t\t\t\t\t\t<div id=\"elementor-tab-title-7703\" class=\"elementor-tab-title elementor-tab-desktop-title\" aria-selected=\"false\" data-tab=\"3\" role=\"tab\" tabindex=\"-1\" aria-controls=\"elementor-tab-content-7703\" aria-expanded=\"false\">POSTER<\/div>\n\t\t\t\t\t\t\t<\/div>\n\t\t\t<div class=\"elementor-tabs-content-wrapper\" role=\"tablist\" aria-orientation=\"vertical\">\n\t\t\t\t\t\t\t\t\t<div class=\"elementor-tab-title elementor-tab-mobile-title\" aria-selected=\"true\" data-tab=\"1\" role=\"tab\" tabindex=\"0\" aria-controls=\"elementor-tab-content-7701\" aria-expanded=\"false\">PRESENTATIONS<\/div>\n\t\t\t\t\t<div id=\"elementor-tab-content-7701\" class=\"elementor-tab-content elementor-clearfix\" data-tab=\"1\" role=\"tabpanel\" aria-labelledby=\"elementor-tab-title-7701\" tabindex=\"0\" hidden=\"false\"><p><span style=\"font-weight: 400; color: #000000;\">Oral presentation with visual support on works related to systematic reviews, empirical research, and theoretical reflections.&nbsp;<\/span><\/p>\n<p>A. Los criterios de evaluaci\u00f3n incluyen:<\/p>\n<ul>\n<li aria-level=\"2\">La&nbsp;<strong>calidad<\/strong>&nbsp;del contenido cient\u00edfico o experiencia.<\/li>\n<li aria-level=\"2\">La&nbsp;<strong>claridad<\/strong>&nbsp;y la concisi\u00f3n de la presentaci\u00f3n.<\/li>\n<li aria-level=\"2\"><span style=\"font-weight: 400;\">La <strong>relevancia<\/strong> del contenido cient\u00edfico o experiencia.<\/span><\/li>\n<\/ul>\n<hr>\n<p>B. L<span style=\"font-weight: 400;\">os res\u00famenes se realizan en la plataforma de Postulaci\u00f3n de WCVS2025<\/span><span style=\"color: var( --e-global-color-text );\">, que solicitar\u00e1 los siguientes contenidos:<\/span><\/p>\n<ul>\n<li><span style=\"font-weight: 400;\"><strong>Autor\u00eda(s)<\/strong>: Informaci\u00f3n sobre participantes, incluyendo afiliaciones acad\u00e9micas o profesionales.<\/span><\/li>\n<li><span style=\"font-weight: 400;\"><strong>T\u00edtulo:<\/strong> Breve y descriptivo de la tem\u00e1tica a tratar (m\u00e1ximo 25 palabras).<\/span><\/li>\n<li><strong>R<\/strong><span style=\"font-weight: 400;\"><strong>esumen<\/strong>: Referir brevemente introducci\u00f3n, referentes te\u00f3ricos, objetivos, metodolog\u00eda, resultados y conclusiones (500 palabras).<\/span><\/li>\n<li><span style=\"font-weight: 400;\"><strong>Palabras clave<\/strong>: 3 a 5 palabras claves que identifican los temas a tratar, separadas por punto y coma.&nbsp;<\/span><\/li>\n<li><span style=\"font-weight: 400;\"><strong>L\u00ednea tem\u00e1tica<\/strong>: Especificar \u00e1rea seg\u00fan directrices de WCVS2025.&nbsp; <span style=\"color: #000080;\"><a style=\"color: #000080;\" href=\"https:\/\/wcsv2025.cl\/en\/lineas-tematicas\/\" target=\"_blank\" rel=\"noopener\">Ver l\u00edneas tem\u00e1ticas<\/a>.<\/span><\/span><\/li>\n<\/ul><\/div>\n\t\t\t\t\t\t\t\t\t<div class=\"elementor-tab-title elementor-tab-mobile-title\" aria-selected=\"false\" data-tab=\"2\" role=\"tab\" tabindex=\"-1\" aria-controls=\"elementor-tab-content-7702\" aria-expanded=\"false\">THEMATIC TABLE<\/div>\n\t\t\t\t\t<div id=\"elementor-tab-content-7702\" class=\"elementor-tab-content elementor-clearfix\" data-tab=\"2\" role=\"tabpanel\" aria-labelledby=\"elementor-tab-title-7702\" tabindex=\"0\" hidden=\"hidden\"><p><span style=\"font-weight: 400;\">Modalidad que cuenta con la participaci\u00f3n de 3 a 5 ponencias asociadas a una tem\u00e1tica central. En dicho espacio, se espera que aborden un debate o di\u00e1logo entre las personas que integran la mesa.&nbsp;<\/span><\/p>\n<p>A. Los criterios de evaluaci\u00f3n incluyen:<\/p>\n<ul>\n<li aria-level=\"2\">La&nbsp;<strong>calidad<\/strong>&nbsp;del contenido cient\u00edfico o experiencia.<\/li>\n<li aria-level=\"2\">La&nbsp;<strong>claridad<\/strong>&nbsp;y la concisi\u00f3n de la presentaci\u00f3n.<\/li>\n<li aria-level=\"2\">La&nbsp;<strong>relevancia<\/strong>&nbsp;del contenido cient\u00edfico o experiencia.<\/li>\n<\/ul>\n<hr>\n<p>B. <span style=\"font-weight: 400;\">Los res\u00famenes se realizan en la plataforma de Postulaci\u00f3n de&nbsp;<\/span><span style=\"color: var( --e-global-color-text );\">WCSV2025<\/span><span style=\"color: var( --e-global-color-text );\">, que solicitar\u00e1 los siguientes contenidos:<\/span><\/p>\n<ul>\n<li><span style=\"font-weight: 400;\"><strong>Autor\u00edas<\/strong>: Informaci\u00f3n sobre participantes, incluyendo afiliaciones acad\u00e9micas o profesionales. Indicar persona responsable de la mesa.<\/span><\/li>\n<li><span style=\"font-weight: 400;\"><strong>T\u00edtulo de la Mesa:<\/strong> Breve y descriptivo de la tem\u00e1tica a tratar (m\u00e1ximo 25 palabras).<\/span><\/li>\n<li><span style=\"font-weight: 400;\"><strong>Resumen<\/strong> de la mesa de trabajo: 300 palabras para la presentaci\u00f3n de la mesa.<\/span><\/li>\n<li><span style=\"font-weight: 400;\"><strong>Palabras clave<\/strong>: 3 a 5 palabras claves que identifican los temas a tratar.&nbsp;<\/span><\/li>\n<li><span style=\"font-weight: 400;\"><strong>Resumen<\/strong> de las <strong>ponencias<\/strong> que integran la mesa tem\u00e1tica: Los res\u00famenes se deber\u00e1n <strong>ingresar en el enlace<\/strong> presente en la plataforma (seguir las instrucciones). Debe considerar introducci\u00f3n, referentes te\u00f3ricos, objetivo, metodolog\u00eda, resultados y discusiones\/conclusiones.<\/span><\/li>\n<li><span style=\"font-weight: 400;\"><strong>L\u00ednea tem\u00e1tica<\/strong>: Especificar \u00e1rea seg\u00fan directrices de WCVS2025.&nbsp; <span style=\"color: #000080;\"><a style=\"color: #000080;\" href=\"https:\/\/wcsv2025.cl\/en\/lineas-tematicas\/\" target=\"_blank\" rel=\"noopener\">Ver l\u00edneas tem\u00e1ticas<\/a>.<\/span><\/span><\/li>\n<\/ul><\/div>\n\t\t\t\t\t\t\t\t\t<div class=\"elementor-tab-title elementor-tab-mobile-title\" aria-selected=\"false\" data-tab=\"3\" role=\"tab\" tabindex=\"-1\" aria-controls=\"elementor-tab-content-7703\" aria-expanded=\"false\">POSTER<\/div>\n\t\t\t\t\t<div id=\"elementor-tab-content-7703\" class=\"elementor-tab-content elementor-clearfix\" data-tab=\"3\" role=\"tabpanel\" aria-labelledby=\"elementor-tab-title-7703\" tabindex=\"0\" hidden=\"hidden\"><p><span style=\"font-weight: 400;\"><span style=\"color: #000000;\">Exposici\u00f3n gr\u00e1fica de&nbsp; revisiones sistem\u00e1ticas, investigaciones emp\u00edricas y\/o reflexiones te\u00f3ricas.<\/span>&nbsp;<\/span><\/p>\n<p><span style=\"font-weight: 400;\">A. Los criterios de evaluaci\u00f3n incluyen:<\/span><\/p>\n<ul>\n<li style=\"font-weight: 400;\" aria-level=\"2\"><span style=\"font-weight: 400;\">La <strong>calidad<\/strong> del contenido cient\u00edfico o experiencia.<\/span><\/li>\n<li style=\"font-weight: 400;\" aria-level=\"2\"><span style=\"font-weight: 400;\">La <strong>claridad<\/strong> y la concisi\u00f3n de la presentaci\u00f3n.<\/span><\/li>\n<\/ul>\n<hr>\n<p><span style=\"font-weight: 400;\">B. Los res\u00famenes se realizan en la plataforma de Postulaci\u00f3n de&nbsp;<\/span><span style=\"color: var( --e-global-color-text );\">WCSV2025<\/span><span style=\"color: var( --e-global-color-text );\">, que solicitar\u00e1 los siguientes contenidos:&nbsp;<\/span><\/p>\n<ul>\n<li><span style=\"font-weight: 400;\"><strong>Autor\u00eda(s):<\/strong> Informaci\u00f3n sobre participantes, incluyendo afiliaciones acad\u00e9micas,&nbsp; profesionales u otras.<\/span><\/li>\n<li><span style=\"font-weight: 400;\"><strong>T\u00edtulo:<\/strong> Breve y descriptivo de la tem\u00e1tica a tratar.<\/span><\/li>\n<li><span style=\"font-weight: 400;\"><strong>Resumen:<\/strong> Redacci\u00f3n de introducci\u00f3n, objetivos, metodolog\u00eda, resultados y conclusiones, en 500 palabras.&nbsp; Incorporar solo las referencias m\u00e1s relevantes.<\/span><\/li>\n<li><span style=\"font-weight: 400;\"><strong>Palabras clave:<\/strong> 3 a 5 palabras claves que identifican las tem\u00e1ticas a tratar.<\/span><\/li>\n<li><span style=\"font-weight: 400;\"><strong>L\u00ednea tem\u00e1tica:<\/strong> Especificar \u00e1rea seg\u00fan directrices de WCVS2025. <span style=\"color: #000080;\"><a style=\"color: #000080;\" href=\"https:\/\/wcsv2025.cl\/en\/lineas-tematicas\/\" target=\"_blank\" rel=\"noopener\">Ver l\u00edneas tem\u00e1ticas<\/a><\/span>.<\/span><\/li>\n<\/ul>\n<hr>\n<p><span style=\"font-weight: 400;\">C. En caso de ser aceptada la postulaci\u00f3n, la gr\u00e1fica debe considerar las siguientes indicaciones:&nbsp;<\/span><\/p>\n<ul>\n<li style=\"font-weight: 400;\" aria-level=\"1\"><span style=\"font-weight: 400;\">El p\u00f3ster debe tener un tama\u00f1o m\u00e1ximo de <\/span><b>90 cm de ancho x 120 cm de alto<\/b><span style=\"font-weight: 400;\">.<\/span><\/li>\n<li style=\"font-weight: 400;\" aria-level=\"1\"><span style=\"font-weight: 400;\">Se debe enviar en formato <\/span><b>PDF<\/b><span style=\"font-weight: 400;\"> con una resoluci\u00f3n m\u00ednima de <\/span><b>300 ppp<\/b><span style=\"font-weight: 400;\">.<\/span><\/li>\n<li style=\"font-weight: 400;\" aria-level=\"1\"><span style=\"font-weight: 400;\">Se debe enfatizar en utilizar im\u00e1genes, gr\u00e1ficos y tablas para complementar el texto, en un balance adecuado. <\/span><\/li>\n<li style=\"font-weight: 400;\" aria-level=\"1\"><span style=\"font-weight: 400;\">Se debe utilizar una tipograf\u00eda legible y un tama\u00f1o de letra adecuado, en fondo blanco y letras oscuras o en contraste de colores que permita ser le\u00eddo f\u00e1cilmente.&nbsp;<\/span><\/li>\n<li style=\"font-weight: 400;\" aria-level=\"1\"><span style=\"font-weight: 400;\">Se recomienda no utilizar letras may\u00fasculas en todo el texto.<\/span><\/li>\n<li style=\"font-weight: 400;\" aria-level=\"1\"><span style=\"font-weight: 400;\">Se recomienda la consistencia en m\u00e1rgenes, espacios de interlineado, colores, estilos y grosor de los bordes.<\/span><\/li>\n<li style=\"font-weight: 400;\" aria-level=\"1\"><span style=\"font-weight: 400;\">Revisar calidad de im\u00e1genes e ilustraciones incorporadas. Se aconseja usar fotograf\u00edas de alta resoluci\u00f3n.<\/span><\/li>\n<\/ul>\n<ul>\n<li style=\"font-weight: 400;\" aria-level=\"1\"><span style=\"font-weight: 400;\">El p\u00f3ster debe incluir:<\/span>\n<ul>\n<li style=\"font-weight: 400;\" aria-level=\"2\"><b>T\u00edtulo:<\/b><span style=\"font-weight: 400;\"> Debe ser claro, conciso e informativo.<\/span><\/li>\n<li style=\"font-weight: 400;\" aria-level=\"2\"><b>Autores\/as:<\/b><span style=\"font-weight: 400;\"> Debe incluir el nombre completo de cada autor\u00eda, su afiliaci\u00f3n institucional y correo electr\u00f3nico.<\/span><\/li>\n<li style=\"font-weight: 400;\" aria-level=\"2\"><b>Logo:<\/b><span style=\"font-weight: 400;\"> De la instituci\u00f3n de pertenencia, de WCVS2025&nbsp;y\/o grupo de investigaci\u00f3n.<\/span><\/li>\n<li style=\"font-weight: 400;\" aria-level=\"2\"><b>Introducci\u00f3n:<\/b><span style=\"font-weight: 400;\"> Debe presentar el tema del p\u00f3ster y su objetivo.<\/span><\/li>\n<li style=\"font-weight: 400;\" aria-level=\"2\"><b>Metodolog\u00eda:<\/b><span style=\"font-weight: 400;\"> Debe describir los m\u00e9todos utilizados en la investigaci\u00f3n. Esquem\u00e1ticos, de ser posibles gr\u00e1ficos.<\/span><\/li>\n<li style=\"font-weight: 400;\" aria-level=\"2\"><b>Resultados:<\/b><span style=\"font-weight: 400;\"> Debe presentar los resultados de la investigaci\u00f3n de forma clara y concisa, de forma visual (gr\u00e1ficos, esquemas y\/o im\u00e1genes)<\/span><\/li>\n<li style=\"font-weight: 400;\" aria-level=\"2\"><b>Conclusiones:<\/b><span style=\"font-weight: 400;\"> Debe resumir los hallazgos de la investigaci\u00f3n y su significado.<\/span><\/li>\n<li style=\"font-weight: 400;\" aria-level=\"2\"><b>Referencias:<\/b><span style=\"font-weight: 400;\"> Debe incluir las referencias bibliogr\u00e1ficas utilizadas en el p\u00f3ster. Las fundamentales.<\/span><\/li>\n<\/ul>\n<\/li>\n<\/ul><\/div>\n\t\t\t\t\t\t\t<\/div>\n\t\t<\/div>\n\t\t\t\t\t\t<\/div>\n\t\t\t\t<\/div>\n\t\t\t\t\t<\/div>\n\t\t<\/div>\n\t\t\t\t\t<\/div>\n\t\t<\/section>\n\t\t\t\t<\/div>","protected":false},"excerpt":{"rendered":"<p>PONENCIAS MESA TEM\u00c1TICA P\u00d3STER PONENCIAS Exposici\u00f3n oral con apoyo visual&hellip;<\/p>\n<p> <a class=\"more-link\" href=\"https:\/\/wcsv2025.cl\/en\/modalidades\/\">Read more<\/a><\/p>","protected":false},"author":1,"featured_media":0,"parent":0,"menu_order":0,"comment_status":"closed","ping_status":"closed","template":"","meta":{"_monsterinsights_skip_tracking":false,"_monsterinsights_sitenote_active":false,"_monsterinsights_sitenote_note":"","_monsterinsights_sitenote_category":0,"footnotes":""},"class_list":["post-12924","page","type-page","status-publish"],"_hostinger_reach_plugin_has_subscription_block":false,"_hostinger_reach_plugin_is_elementor":false,"_links":{"self":[{"href":"https:\/\/wcsv2025.cl\/en\/wp-json\/wp\/v2\/pages\/12924","targetHints":{"allow":["GET"]}}],"collection":[{"href":"https:\/\/wcsv2025.cl\/en\/wp-json\/wp\/v2\/pages"}],"about":[{"href":"https:\/\/wcsv2025.cl\/en\/wp-json\/wp\/v2\/types\/page"}],"author":[{"embeddable":true,"href":"https:\/\/wcsv2025.cl\/en\/wp-json\/wp\/v2\/users\/1"}],"replies":[{"embeddable":true,"href":"https:\/\/wcsv2025.cl\/en\/wp-json\/wp\/v2\/comments?post=12924"}],"version-history":[{"count":3,"href":"https:\/\/wcsv2025.cl\/en\/wp-json\/wp\/v2\/pages\/12924\/revisions"}],"predecessor-version":[{"id":13543,"href":"https:\/\/wcsv2025.cl\/en\/wp-json\/wp\/v2\/pages\/12924\/revisions\/13543"}],"wp:attachment":[{"href":"https:\/\/wcsv2025.cl\/en\/wp-json\/wp\/v2\/media?parent=12924"}],"curies":[{"name":"wp","href":"https:\/\/api.w.org\/{rel}","templated":true}]}}