{"id":13672,"date":"2024-11-24T18:56:12","date_gmt":"2024-11-24T21:56:12","guid":{"rendered":"https:\/\/wcsv2025.cl\/?page_id=13672"},"modified":"2025-10-03T08:28:41","modified_gmt":"2025-10-03T11:28:41","slug":"comites-organizadores","status":"publish","type":"page","link":"https:\/\/wcsv2025.cl\/en\/comites-organizadores\/","title":{"rendered":"Organizing Committees"},"content":{"rendered":"<div data-elementor-type=\"wp-page\" data-elementor-id=\"13672\" class=\"elementor elementor-13672\">\n\t\t\t\t\t\t<section class=\"elementor-section elementor-top-section elementor-element elementor-element-6742c4 elementor-section-boxed elementor-section-height-default elementor-section-height-default elementor-invisible\" data-id=\"6742c4\" data-element_type=\"section\" data-e-type=\"section\" data-settings=\"{&quot;animation&quot;:&quot;fadeInUp&quot;}\">\n\t\t\t\t\t\t<div class=\"elementor-container elementor-column-gap-default\">\n\t\t\t\t\t<div class=\"elementor-column elementor-col-100 elementor-top-column elementor-element elementor-element-123f697f\" data-id=\"123f697f\" data-element_type=\"column\" data-e-type=\"column\">\n\t\t\t<div class=\"elementor-widget-wrap elementor-element-populated\">\n\t\t\t\t\t\t<div class=\"elementor-element elementor-element-11627230 elementor-tabs-view-horizontal elementor-widget elementor-widget-tabs\" data-id=\"11627230\" data-element_type=\"widget\" data-e-type=\"widget\" data-widget_type=\"tabs.default\">\n\t\t\t\t<div class=\"elementor-widget-container\">\n\t\t\t\t\t\t\t<div class=\"elementor-tabs\">\n\t\t\t<div class=\"elementor-tabs-wrapper\" role=\"tablist\" >\n\t\t\t\t\t\t\t\t\t<div id=\"elementor-tab-title-2911\" class=\"elementor-tab-title elementor-tab-desktop-title\" aria-selected=\"true\" data-tab=\"1\" role=\"tab\" tabindex=\"0\" aria-controls=\"elementor-tab-content-2911\" aria-expanded=\"false\">Organizing Committee<\/div>\n\t\t\t\t\t\t\t\t\t<div id=\"elementor-tab-title-2912\" class=\"elementor-tab-title elementor-tab-desktop-title\" aria-selected=\"false\" data-tab=\"2\" role=\"tab\" tabindex=\"-1\" aria-controls=\"elementor-tab-content-2912\" aria-expanded=\"false\">Scientific Committee<\/div>\n\t\t\t\t\t\t\t\t\t<div id=\"elementor-tab-title-2913\" class=\"elementor-tab-title elementor-tab-desktop-title\" aria-selected=\"false\" data-tab=\"3\" role=\"tab\" tabindex=\"-1\" aria-controls=\"elementor-tab-content-2913\" aria-expanded=\"false\">Logistics Team<\/div>\n\t\t\t\t\t\t\t\t\t<div id=\"elementor-tab-title-2914\" class=\"elementor-tab-title elementor-tab-desktop-title\" aria-selected=\"false\" data-tab=\"4\" role=\"tab\" tabindex=\"-1\" aria-controls=\"elementor-tab-content-2914\" aria-expanded=\"false\">Communications Team<\/div>\n\t\t\t\t\t\t\t<\/div>\n\t\t\t<div class=\"elementor-tabs-content-wrapper\" role=\"tablist\" aria-orientation=\"vertical\">\n\t\t\t\t\t\t\t\t\t<div class=\"elementor-tab-title elementor-tab-mobile-title\" aria-selected=\"true\" data-tab=\"1\" role=\"tab\" tabindex=\"0\" aria-controls=\"elementor-tab-content-2911\" aria-expanded=\"false\">Organizing Committee<\/div>\n\t\t\t\t\t<div id=\"elementor-tab-content-2911\" class=\"elementor-tab-content elementor-clearfix\" data-tab=\"1\" role=\"tabpanel\" aria-labelledby=\"elementor-tab-title-2911\" tabindex=\"0\" hidden=\"false\"><p><strong>President<\/strong><\/p><p><strong>Ver\u00f3nica L\u00f3pez<\/strong><\/p><ul><li>Co-President, International Observatory for School Climate and Violence Prevention - IOSCVP.<\/li><li>Professor, Pontificia Universidad Cat\u00f3lica de Valpara\u00edso (PUCV).<\/li><li>Director, Research Center for Inclusive Education.<\/li><li>Director, School Coexistence Support Program PACES-PUCV.<\/li><\/ul><p><strong>Organizing Committee<\/strong><\/p><ul><li>Paula Ascorra. Pontificia Universidad Cat\u00f3lica de Valpara\u00edso (PUCV).<\/li><li>Christian Berger. Pontificia Universidad Cat\u00f3lica de Chile (PUC).<\/li><li>Jos\u00e9 Sa\u00fal Bravo. Observatorio de Violencia\/Convivencia en la Escuela.<\/li><li>Claudia Carrasco Aguilar.\u00a0 Universidad de M\u00e1laga (UMA).<\/li><li>Ver\u00f3nica L\u00f3pez. Pontificia Universidad Cat\u00f3lica de Valpara\u00edso (PUCV).\u00a0\u00a0\u00a0\u00a0\u00a0\u00a0\u00a0\u00a0\u00a0<\/li><li>Isidora Mena. Programa Valoras UC (PUC).<\/li><li>Oscar Nail. Universidad de Concepci\u00f3n (UDEC).<\/li><li>Mar\u00eda Isabel Toledo. Universidad Diego Portales (UDP).<\/li><li>Pablo Valdivieso. Universidad de Chile (U. de Chile).<\/li><li>Jorge Varela. Universidad del Desarrollo (UDD).<\/li><\/ul><p><strong>International Co-organizers<\/strong><\/p><ul><li>Observatorio Internacional de Prevenci\u00f3n de Clima y Violencia Escolar \u2013 IOSCVP.<\/li><li>Red Latinoamericana de Convivencia Escolar, RLCE.<\/li><\/ul><\/div>\n\t\t\t\t\t\t\t\t\t<div class=\"elementor-tab-title elementor-tab-mobile-title\" aria-selected=\"false\" data-tab=\"2\" role=\"tab\" tabindex=\"-1\" aria-controls=\"elementor-tab-content-2912\" aria-expanded=\"false\">Scientific Committee<\/div>\n\t\t\t\t\t<div id=\"elementor-tab-content-2912\" class=\"elementor-tab-content elementor-clearfix\" data-tab=\"2\" role=\"tabpanel\" aria-labelledby=\"elementor-tab-title-2912\" tabindex=\"0\" hidden=\"hidden\"><ul><li>Nikolett Arat\u00f3 \u2013 E\u00f6tv\u00f6s Lor\u00e1nd University, Hungary<\/li><li>Paula Ascorra &#8211; Pontificia Universidad Cat\u00f3lica de Valpara\u00edso, Chile<\/li><li>Ron Avi Astor \u2013 University of California at Los Angeles, United States<\/li><li>Christian Berger &#8211; Pontificia Universidad Cat\u00f3lica de Chile, Chile<\/li><li>Catherine Blaya \u2013 Universit\u00e9 C\u00f4te d\u2019Azur, France<\/li><li>Jos\u00e9 Sa\u00fal Bravo &#8211; Observatorio Chileno Violencia\/Convivencia en la Escuela<\/li><li>Antonella Brighi &#8211; Free University of Bolzano-Bozen, Italy<\/li><li>Claudia Carrasco Aguilar, Universidad de M\u00e1laga, Espa\u00f1a<\/li><li>Jonathan Cohen \u2013 Columbia University, United States<\/li><li>\u00c9ric Debarbieux \u2013 Bordeaux II University, France<\/li><li>Rosario Del Rey \u2013 Universidad de Sevilla, Spain<\/li><li>Esperanza Espino \u2013 Universidad Loyola Andaluc\u00eda, Spain<\/li><li>Alfredo Furlan &#8211; Universidad Nacional Aut\u00f3noma de M\u00e9xico, M\u00e9xico<\/li><li>Noem\u00ed Garc\u00eda \u2013 Universidad Internacional de La Rioja, Spain<\/li><li>Wendy Godoy &#8211; Universidad Cardenal Ra\u00fal Silva Henr\u00edquez, Chile<\/li><li>Isidora Mena &#8211; Programa Valoras UC, Chile<\/li><li>Joaqu\u00edn Mora-Merch\u00e1n \u2013 Universidad de Sevilla, Spain<\/li><li>Adriano Moro &#8211; Funda\u00e7\u00e3o Carlos Chagas, Brasil<\/li><li>Sanjay Nanwani &#8211; Arkansas State University, M\u00e9xico<\/li><li>Oscar Nail &#8211; Universidad de Concepci\u00f3n, Chile<\/li><li>Rosario Ortega-Ruiz \u2013 Universidad de C\u00f3rdoba, Spain<\/li><li>Sebasti\u00e1n Ortiz &#8211;\u00a0 Universidad de Playa Ancha, Chile<\/li><li>Adri\u00e1n Pereira &#8211; Universidad Miguel de Cervantes, Chile<\/li><li>Eva Romera \u2013 Universidad de C\u00f3rdoba, Spain<\/li><li>Grace Skrzypiec &#8211; Flinders University, Australia<\/li><li>Phillip Slee &#8211; Flinders University, Australia<\/li><li>Mitsuru Taki \u2013 University of Miyazaki, Japan<\/li><li>Mar\u00eda Isabel Toledo &#8211; Universidad Diego Portales, Chile<\/li><li>Pablo Valdivieso &#8211; Universidad de Chile, Chile<\/li><li>Jorge Varela &#8211; Universidad del Desarrollo, Chile<\/li><li>Izabela Zych \u2013 Universidad de C\u00f3rdoba, Spain<\/li><\/ul><p><strong>Poster, paper and symposium evaluation organizing team<\/strong><\/p><ul><li><strong>General Coordinator:<\/strong> Claudia Carrasco Aguilar, Universidad de M\u00e1laga, Espa\u00f1a.<\/li><\/ul><p><strong>Thematic Area 1: School Coexistence\/School Climate: Research, Policy, Practice<\/strong><\/p><p>(IOSCVP Special Interest Group: Climate Improvement: Research, Policy and Practice)<\/p><ul><li>Sanjay Nanwani &#8211; Arkansas State University, M\u00e9xico<\/li><li>Antonella Brighi \u2013 Free University of Bolzano-Bozen, Italy<\/li><li>Paula Ascorra- Pontificia Universidad Cat\u00f3lica de Valpara\u00edso, Chile<\/li><li>Oscar Nail \u2013 Universidad de Concepci\u00f3n, Chile<\/li><\/ul><p><strong>Thematic Area 2: School Violence: Research, Policies, Practices<\/strong><\/p><p>(IOSCVP Special Interest Group: School Violence: Research, Policy and Practice)<\/p><ul><li>Eva Romera \u2013 Universidad de C\u00f3rdoba, Spain<\/li><li>Roberto Parada \u2013 Western Sydney University, Australia<\/li><li>Mar\u00eda Isabel Toledo \u2013 Universidad Diego Portales, Chile<\/li><li>Adrian Pereira &#8211; Adri\u00e1n Pereira &#8211; Universidad Miguel de Cervantes, Chile<\/li><\/ul><p><strong>Thematic Area 3: School Coexistence, School Climate, School Violence: Conceptualizations and Measurements<\/strong><\/p><p>(IOSCVP Special Interest Group: Understandings and measurement practice: school climate, convivencia, and violence prevention)<\/p><ul><li>Nikolett Arat\u00f3 \u2013 E\u00f6tv\u00f6s Lor\u00e1nd University, Hungary<\/li><li>Adriano Moro &#8211; Funda\u00e7\u00e3o Carlos Chagas, Brasil<\/li><li>Jorge Varela \u2013 Universidad del Desarrollo, Chile<\/li><li>Christian Berger \u2013 Pontificia Universidad Cat\u00f3lica de Chile, Chile<\/li><\/ul><\/div>\n\t\t\t\t\t\t\t\t\t<div class=\"elementor-tab-title elementor-tab-mobile-title\" aria-selected=\"false\" data-tab=\"3\" role=\"tab\" tabindex=\"-1\" aria-controls=\"elementor-tab-content-2913\" aria-expanded=\"false\">Logistics Team<\/div>\n\t\t\t\t\t<div id=\"elementor-tab-content-2913\" class=\"elementor-tab-content elementor-clearfix\" data-tab=\"3\" role=\"tabpanel\" aria-labelledby=\"elementor-tab-title-2913\" tabindex=\"0\" hidden=\"hidden\"><ul><li><strong>C<\/strong><strong>ristian Nova. <\/strong><strong>Executive Director, X World Conference on Convivencia, Climate and Violence in Schools.<\/strong><\/li><\/ul><ul><li>Jos\u00e9 Sa\u00fal Bravo. Public Relations Representative, X World Conference on Convivencia, Climate and Violence in Schools.<\/li><li>Poliana Espinosa. Manager, Research Center for Inclusive Education.<\/li><li>Roberto Salas. Logistics Coordinator, Research Center for Inclusive Education.<\/li><li>H\u00e9ctor Opazo. Support Professional to the Presidency, X World Conference on Convivencia, Climate and Violence in Schools.<\/li><li>Sof\u00eda Retamal. Profesional de apoyo a la Direcci\u00f3n Ejecutiva, X Congreso Mundial sobre Convivencia y Violencia en la Escuela.<\/li><li>Rodrigo Robles. Support Professional to the Executive Direction, X World Conference on Convivencia, Climate and Violence in Schools.<\/li><\/ul><\/div>\n\t\t\t\t\t\t\t\t\t<div class=\"elementor-tab-title elementor-tab-mobile-title\" aria-selected=\"false\" data-tab=\"4\" role=\"tab\" tabindex=\"-1\" aria-controls=\"elementor-tab-content-2914\" aria-expanded=\"false\">Communications Team<\/div>\n\t\t\t\t\t<div id=\"elementor-tab-content-2914\" class=\"elementor-tab-content elementor-clearfix\" data-tab=\"4\" role=\"tabpanel\" aria-labelledby=\"elementor-tab-title-2914\" tabindex=\"0\" hidden=\"hidden\"><ul><li>Marcelo Lara, Research Center for Inclusive Education.<\/li><li>Elizabeth Utreras, International Observatory for the Prevention of School Climate and Violence IOSCV; PACES-PUCV Program<\/li><\/ul><\/div>\n\t\t\t\t\t\t\t<\/div>\n\t\t<\/div>\n\t\t\t\t\t\t<\/div>\n\t\t\t\t<\/div>\n\t\t\t\t\t<\/div>\n\t\t<\/div>\n\t\t\t\t\t<\/div>\n\t\t<\/section>\n\t\t\t\t<\/div>","protected":false},"excerpt":{"rendered":"<p>Comisi\u00f3n Organizadora Comisi\u00f3n Cient\u00edfica Equipo Log\u00edstico Equipo de Comunicaciones Comisi\u00f3n&hellip;<\/p>\n<p> <a class=\"more-link\" href=\"https:\/\/wcsv2025.cl\/en\/comites-organizadores\/\">Read more<\/a><\/p>","protected":false},"author":1,"featured_media":0,"parent":0,"menu_order":0,"comment_status":"closed","ping_status":"closed","template":"","meta":{"_monsterinsights_skip_tracking":false,"_monsterinsights_sitenote_active":false,"_monsterinsights_sitenote_note":"","_monsterinsights_sitenote_category":0,"footnotes":""},"class_list":["post-13672","page","type-page","status-publish"],"_hostinger_reach_plugin_has_subscription_block":false,"_hostinger_reach_plugin_is_elementor":false,"_links":{"self":[{"href":"https:\/\/wcsv2025.cl\/en\/wp-json\/wp\/v2\/pages\/13672","targetHints":{"allow":["GET"]}}],"collection":[{"href":"https:\/\/wcsv2025.cl\/en\/wp-json\/wp\/v2\/pages"}],"about":[{"href":"https:\/\/wcsv2025.cl\/en\/wp-json\/wp\/v2\/types\/page"}],"author":[{"embeddable":true,"href":"https:\/\/wcsv2025.cl\/en\/wp-json\/wp\/v2\/users\/1"}],"replies":[{"embeddable":true,"href":"https:\/\/wcsv2025.cl\/en\/wp-json\/wp\/v2\/comments?post=13672"}],"version-history":[{"count":70,"href":"https:\/\/wcsv2025.cl\/en\/wp-json\/wp\/v2\/pages\/13672\/revisions"}],"predecessor-version":[{"id":15380,"href":"https:\/\/wcsv2025.cl\/en\/wp-json\/wp\/v2\/pages\/13672\/revisions\/15380"}],"wp:attachment":[{"href":"https:\/\/wcsv2025.cl\/en\/wp-json\/wp\/v2\/media?parent=13672"}],"curies":[{"name":"wp","href":"https:\/\/api.w.org\/{rel}","templated":true}]}}